{"id":1154,"date":"2025-10-16T21:09:02","date_gmt":"2025-10-17T04:09:02","guid":{"rendered":"https:\/\/fit24level.com\/?page_id=1154"},"modified":"2025-10-17T16:47:15","modified_gmt":"2025-10-17T23:47:15","slug":"desafia-tus-limites","status":"publish","type":"page","link":"https:\/\/fit24level.com\/en\/desafia-tus-limites\/","title":{"rendered":"Home workouts"},"content":{"rendered":"<p>Entrena conmigo desde tu celular con rutinas din\u00e1micas y guiadas en video.<br>Logra resultados visibles y si\u00e9ntete m\u00e1s fuerte y saludable. \ud83d\udcaa<\/p>\n\n\n\n<p><\/p>","protected":false},"excerpt":{"rendered":"<p>Entrena conmigo desde tu celular con rutinas din\u00e1micas y guiadas en video.Logra resultados visibles y si\u00e9ntete m\u00e1s fuerte y saludable.&hellip;<\/p>","protected":false},"author":1,"featured_media":1168,"parent":0,"menu_order":0,"comment_status":"closed","ping_status":"closed","template":"","meta":{"footnotes":""},"class_list":["post-1154","page","type-page","status-publish","has-post-thumbnail","hentry"],"_hostinger_reach_plugin_has_subscription_block":false,"_hostinger_reach_plugin_is_elementor":false,"_links":{"self":[{"href":"https:\/\/fit24level.com\/en\/wp-json\/wp\/v2\/pages\/1154","targetHints":{"allow":["GET"]}}],"collection":[{"href":"https:\/\/fit24level.com\/en\/wp-json\/wp\/v2\/pages"}],"about":[{"href":"https:\/\/fit24level.com\/en\/wp-json\/wp\/v2\/types\/page"}],"author":[{"embeddable":true,"href":"https:\/\/fit24level.com\/en\/wp-json\/wp\/v2\/users\/1"}],"replies":[{"embeddable":true,"href":"https:\/\/fit24level.com\/en\/wp-json\/wp\/v2\/comments?post=1154"}],"version-history":[{"count":7,"href":"https:\/\/fit24level.com\/en\/wp-json\/wp\/v2\/pages\/1154\/revisions"}],"predecessor-version":[{"id":1227,"href":"https:\/\/fit24level.com\/en\/wp-json\/wp\/v2\/pages\/1154\/revisions\/1227"}],"wp:featuredmedia":[{"embeddable":true,"href":"https:\/\/fit24level.com\/en\/wp-json\/wp\/v2\/media\/1168"}],"wp:attachment":[{"href":"https:\/\/fit24level.com\/en\/wp-json\/wp\/v2\/media?parent=1154"}],"curies":[{"name":"wp","href":"https:\/\/api.w.org\/{rel}","templated":true}]}}