{"id":1434,"date":"2025-10-19T12:26:20","date_gmt":"2025-10-19T19:26:20","guid":{"rendered":"https:\/\/fit24level.com\/pricing-4\/"},"modified":"2025-10-19T12:51:06","modified_gmt":"2025-10-19T19:51:06","slug":"pricing-4","status":"publish","type":"page","link":"https:\/\/fit24level.com\/en\/pricing-4\/","title":{"rendered":"Planes Fit24Level"},"content":{"rendered":"<div class=\"wp-block-columns alignwide pms-pt-gap is-layout-flex wp-container-core-columns-is-layout-829b1d53 wp-block-columns-is-layout-flex\" style=\"margin-bottom:0\">\n<div class=\"wp-block-column pms-pt-border-1 pms-pt-card-1 has-border-color is-layout-constrained wp-container-core-column-is-layout-97875daf wp-block-column-is-layout-constrained\" style=\"border-color:#7a838b;border-width:2px;padding-top:var(--wp--preset--spacing--30);padding-right:var(--wp--preset--spacing--30);padding-bottom:var(--wp--preset--spacing--30);padding-left:var(--wp--preset--spacing--30)\">\n<h2 class=\"wp-block-heading pms-pt-text-title has-text-color\" style=\"color:#7a838b;font-style:normal;font-weight:500\">             Prueba gratis<\/h2>\n\n\n\n<h3 class=\"wp-block-heading pms-pt-text-price has-text-color\" style=\"color:#7a838b\">                   0$<span class=\"pms-pt-text-duration\"><span class=\"pms-divider pms-duration-divider\"> \/ 3 D<\/span>\u00edas<\/span><\/h3>\n\n\n\n<p class=\"has-text-align-center has-black-color has-text-color has-link-color wp-elements-02564b086d18598f2e24eabd2d2e93cc\"><span class=\"pms-pt-text-price pms-pt-text-duration\"> 3 d\u00edas gratis<\/span><\/p>\n\n\n\n<p class=\"has-text-align-left has-black-color has-text-color has-link-color wp-elements-fedcfcb1489d066f906d04e78ef6c63c\">\u00danete y descubre nuestros entrenamientos. Explora nuestra plataforma y accede al <strong>material exclusivo<\/strong> que tenemos disponible  solo para ti.<\/p>\n\n\n\n<hr class=\"wp-block-separator has-alpha-channel-opacity pms-pt-separator is-style-dots\"\/>\n\n\n\n<ul class=\"wp-block-list pms-pt-list\">\n<li class=\"has-black-color has-text-color has-link-color wp-elements-f90bb8d0ae3a7ccd8e7c820108074d39\">Flexibilidad horaria.<\/li>\n\n\n\n<li class=\"has-black-color has-text-color has-link-color wp-elements-1499f932ed70a878b1c86a6bf311e1af\">Acceso desde tu celular.<\/li>\n\n\n\n<li class=\"has-black-color has-text-color has-link-color wp-elements-a56c4bd92715c680d9b3cb5f866349fa\">Ejercicios efectivos.<\/li>\n\n\n\n<li class=\"has-black-color has-text-color has-link-color wp-elements-cb6a92f4ae9b0bf859581a348db67fdd\">Comunidad motivadora.<\/li>\n<\/ul>\n\n\n\n<div class=\"wp-block-buttons pms-pt-button-column-1 is-content-justification-center is-layout-flex wp-container-core-buttons-is-layout-e1485a7b wp-block-buttons-is-layout-flex\">\n<div class=\"wp-block-button has-custom-width wp-block-button__width-75 is-style-outline is-style-outline--1\"><a class=\"wp-block-button__link has-white-color has-white-background-color has-text-color has-background has-link-color has-text-align-center wp-element-button\" href=\"https:\/\/fit24level.com\/en\/register\/?subscription_plan=229&amp;single_plan=yes\" style=\"border-radius:0px\"><strong>\u00danete ahora<\/strong><\/a><\/div>\n<\/div>\n<\/div>\n\n\n\n<div class=\"wp-block-column pms-pt-border-2 pms-pt-card-2 has-border-color is-layout-constrained wp-container-core-column-is-layout-97875daf wp-block-column-is-layout-constrained\" style=\"border-color:#d7b045;border-width:2px;padding-top:var(--wp--preset--spacing--30);padding-right:var(--wp--preset--spacing--30);padding-bottom:var(--wp--preset--spacing--30);padding-left:var(--wp--preset--spacing--30)\">\n<h2 class=\"wp-block-heading pms-pt-text-title has-text-color\" style=\"color:#d7b045;font-style:normal;font-weight:500\">     Plan Entrena en Casa<\/h2>\n\n\n\n<h3 class=\"wp-block-heading has-text-align-center pms-pt-text-price has-text-color\" style=\"color:#d7b045\">               $29<span class=\"pms-pt-text-duration\"><span class=\"pms-divider pms-duration-divider\"> \/ 30 D<\/span>\u00edas<\/span><\/h3>\n\n\n\n<p class=\"has-text-align-center\"><\/p>\n\n\n\n<p class=\"has-text-align-left has-black-color has-text-color has-link-color wp-elements-72c6019b8ac69a78aa58fa01968cf914\">Este plan est\u00e1 dise\u00f1ado para todas esas personas que quieren resultados reales sin necesidad de un gimnasio. Con rutinas din\u00e1micas, efectivas y guiadas por video, vas a entrenar conmigo desde tu celular, paso a paso, como si estuvi\u00e9ramos juntos.<\/p>\n\n\n\n<hr class=\"wp-block-separator has-alpha-channel-opacity pms-pt-separator is-style-dots\"\/>\n\n\n\n<p class=\"has-text-align-left has-black-color has-text-color has-link-color wp-elements-b5606cc764aa79aadbe30ce0689fbc32\"><span class=\"pms-pt-text-description\">Todo lo que incluye el Plan Entrena en Casa<\/span><\/p>\n\n\n\n<ul class=\"wp-block-list pms-pt-list pms-pt-list-extra\">\n<li class=\"has-black-color has-text-color has-link-color wp-elements-633a7b9280f0cab71ba1df70aa086f4e\">Rutinas en video para todos los niveles: principiante, intermedio y avanzado.<\/li>\n\n\n\n<li class=\"has-black-color has-text-color has-link-color wp-elements-89b5fcf1f9ebbf98203f3659d9bb76b6\">Entrenamientos cortos e intensos, con progresi\u00f3n semana a semana.<\/li>\n\n\n\n<li class=\"has-black-color has-text-color has-link-color wp-elements-f7e9bd8742549060abd026e175197fa9\">Gu\u00eda nutricional para potenciar tus resultados.<\/li>\n\n\n\n<li class=\"has-black-color has-text-color has-link-color wp-elements-507e0289b17f60aa462fd5e59d212df7\">Lista de mercado con alimentos clave para tu plan.<\/li>\n\n\n\n<li class=\"has-black-color has-text-color has-link-color wp-elements-d0dd79f95cc6d640bd032fdfbbeb9b53\">Acceso a grupo privado de WhatsApp con motivaci\u00f3n, seguimiento y comunidad.<\/li>\n<\/ul>\n\n\n\n<div class=\"wp-block-buttons pms-pt-button-column-2 is-content-justification-center is-layout-flex wp-container-core-buttons-is-layout-e1485a7b wp-block-buttons-is-layout-flex\">\n<div class=\"wp-block-button has-custom-width wp-block-button__width-75 is-style-outline is-style-outline--2\"><a class=\"wp-block-button__link has-text-align-center wp-element-button\" href=\"https:\/\/fit24level.com\/en\/register\/?subscription_plan=110&amp;single_plan=yes\" style=\"border-radius:0px\"><strong>\u00danete ahora<\/strong><\/a><\/div>\n<\/div>\n<\/div>\n\n\n\n<div class=\"wp-block-column pms-pt-border-1 pms-pt-card-3 has-border-color is-layout-constrained wp-container-core-column-is-layout-97875daf wp-block-column-is-layout-constrained\" style=\"border-color:#6eb096;border-width:2px;padding-top:var(--wp--preset--spacing--30);padding-right:var(--wp--preset--spacing--30);padding-bottom:var(--wp--preset--spacing--30);padding-left:var(--wp--preset--spacing--30)\">\n<h2 class=\"wp-block-heading has-text-align-center pms-pt-text-title has-text-color\" style=\"color:#6eb096;font-style:normal;font-weight:500\">         Plan Gym Level<\/h2>\n\n\n\n<h3 class=\"wp-block-heading has-text-align-center pms-pt-text-price has-text-color\" style=\"color:#6eb096\">              $40<span class=\"pms-pt-text-duration\"><span class=\"pms-divider pms-duration-divider\"> \/ 30 <span class=\"pms-pt-text-duration\"><span class=\"pms-divider pms-duration-divider\">D<\/span>\u00edas<\/span><\/span><\/span><\/h3>\n\n\n\n<p class=\"has-text-align-left has-black-color has-text-color has-link-color wp-elements-d7c0927905832499db2790ef4e79f2fd\">Este plan es para quienes entrenan en gimnasio y quieren sacar el m\u00e1ximo provecho de cada sesi\u00f3n. Aqu\u00ed te ense\u00f1ar\u00e9 c\u00f3mo entrenar de forma inteligente, con t\u00e9cnica, intensidad y estructura. No m\u00e1s rutinas sin sentido: vas a seguir un plan real, con progresi\u00f3n y prop\u00f3sito.<\/p>\n\n\n\n<hr class=\"wp-block-separator has-alpha-channel-opacity pms-pt-separator is-style-dots\"\/>\n\n\n\n<p class=\"has-text-align-left has-black-color has-text-color has-link-color wp-elements-1cddfd7e450d89ee53a3e8fcc34f7c71\"><span class=\"pms-pt-text-description\">Todo lo que incluye el Plan Gym Level.<\/span><\/p>\n\n\n\n<ul class=\"wp-block-list pms-pt-list\">\n<li class=\"has-black-color has-text-color has-link-color wp-elements-a1434ddf2bb386c6c0637dd3f3d1b6c1\">Rutinas guiadas en video para cada grupo muscular.<\/li>\n\n\n\n<li class=\"has-black-color has-text-color has-link-color wp-elements-df36b755a6d4c9f43b92604a002731ba\">Estructura semanal enfocada en fuerza, definici\u00f3n y crecimiento muscular.<\/li>\n\n\n\n<li class=\"has-black-color has-text-color has-link-color wp-elements-e3a70ff9128f8b120f30378294495dce\">Recomendaciones nutricionales seg\u00fan tu tipo de entrenamiento.<\/li>\n\n\n\n<li class=\"has-black-color has-text-color has-link-color wp-elements-f22a3e01eb4bf0b8bb234b821ac5b86d\">Lista de mercado y gu\u00eda de suplementaci\u00f3n b\u00e1sica.<\/li>\n\n\n\n<li class=\"has-black-color has-text-color has-link-color wp-elements-eb64621c711c8126815ed08501a9dd02\">Acceso a grupo exclusivo de WhatsApp con tu coach y la comunidad.<\/li>\n<\/ul>\n\n\n\n<div class=\"wp-block-buttons pms-pt-button-column-1 is-content-justification-center is-layout-flex wp-container-core-buttons-is-layout-16018d1d wp-block-buttons-is-layout-flex\">\n<div class=\"wp-block-button has-custom-width wp-block-button__width-75 is-style-outline is-style-outline--3\"><a class=\"wp-block-button__link has-text-align-center wp-element-button\" href=\"https:\/\/fit24level.com\/en\/register\/?subscription_plan=116&amp;single_plan=yes\" style=\"border-radius:0px\"><strong>\u00danete ahora<\/strong><\/a><\/div>\n<\/div>\n<\/div>\n<\/div>","protected":false},"excerpt":{"rendered":"<p>Prueba gratis 0$ \/ 3 D\u00edas 3 d\u00edas gratis \u00danete y descubre nuestros entrenamientos. Explora nuestra plataforma y accede al&hellip;<\/p>","protected":false},"author":1,"featured_media":0,"parent":0,"menu_order":0,"comment_status":"closed","ping_status":"closed","template":"","meta":{"footnotes":""},"class_list":["post-1434","page","type-page","status-publish","hentry"],"_hostinger_reach_plugin_has_subscription_block":false,"_hostinger_reach_plugin_is_elementor":false,"_links":{"self":[{"href":"https:\/\/fit24level.com\/en\/wp-json\/wp\/v2\/pages\/1434","targetHints":{"allow":["GET"]}}],"collection":[{"href":"https:\/\/fit24level.com\/en\/wp-json\/wp\/v2\/pages"}],"about":[{"href":"https:\/\/fit24level.com\/en\/wp-json\/wp\/v2\/types\/page"}],"author":[{"embeddable":true,"href":"https:\/\/fit24level.com\/en\/wp-json\/wp\/v2\/users\/1"}],"replies":[{"embeddable":true,"href":"https:\/\/fit24level.com\/en\/wp-json\/wp\/v2\/comments?post=1434"}],"version-history":[{"count":6,"href":"https:\/\/fit24level.com\/en\/wp-json\/wp\/v2\/pages\/1434\/revisions"}],"predecessor-version":[{"id":1444,"href":"https:\/\/fit24level.com\/en\/wp-json\/wp\/v2\/pages\/1434\/revisions\/1444"}],"wp:attachment":[{"href":"https:\/\/fit24level.com\/en\/wp-json\/wp\/v2\/media?parent=1434"}],"curies":[{"name":"wp","href":"https:\/\/api.w.org\/{rel}","templated":true}]}}