{"id":28,"date":"2025-10-11T10:24:55","date_gmt":"2025-10-11T17:24:55","guid":{"rendered":"https:\/\/fit24level.com\/?page_id=28"},"modified":"2025-10-19T12:48:33","modified_gmt":"2025-10-19T19:48:33","slug":"faqs","status":"publish","type":"page","link":"https:\/\/fit24level.com\/en\/faqs\/","title":{"rendered":"FAQs"},"content":{"rendered":"<h5 class=\"wp-block-heading\"><strong>\u00bfNecesito equipo para realizar el entrenamiento en casa?<\/strong><\/h5>\n\n\n\n<p>Para entrenar en casa puedes usar pesas, barra, polainas y ligas de resistencia. Tambi\u00e9n contamos con clases dise\u00f1adas para realizar sin ning\u00fan equipo. Solo necesitas tu tapete, el peso es completamente opcional y depende de ti.<\/p>\n\n\n\n<hr class=\"wp-block-separator has-alpha-channel-opacity\"\/>\n\n\n\n<h5 class=\"wp-block-heading\"><strong>\u00bfPuedo descargar los videos?<\/strong><\/h5>\n\n\n\n<p>No, los videos no pueden descargarse, ya que son material exclusivo de Fit24Level. Solo puedes verlos directamente en nuestro sitio web.<\/p>\n\n\n\n<hr class=\"wp-block-separator has-alpha-channel-opacity\"\/>\n\n\n\n<h5 class=\"wp-block-heading\"><strong>\u00bfPuedo proyectar los videos en mi televisi\u00f3n?<\/strong><\/h5>\n\n\n\n<p>\u00a1Por supuesto! Los videos pueden proyectarse desde dispositivos como Apple TV, Chromecast, Fire TV o Roku para que disfrutes tus videos en pantalla grande.<\/p>\n\n\n\n<hr class=\"wp-block-separator has-alpha-channel-opacity\"\/>\n\n\n\n<h5 class=\"wp-block-heading\"><strong>\u00bfMi plan se renueva autom\u00e1ticamente cada mes?<\/strong><\/h5>\n\n\n\n<p>S\u00ed, tu plan se renueva autom\u00e1ticamente cada mes, a menos que lo canceles antes de la fecha de renovaci\u00f3n.<\/p>\n\n\n\n<hr class=\"wp-block-separator has-alpha-channel-opacity\"\/>\n\n\n\n<h5 class=\"wp-block-heading\"><strong>\u00bfPuedo cancelar mi suscripci\u00f3n?<\/strong><\/h5>\n\n\n\n<p>S\u00ed, tienes la opci\u00f3n de cancelar tu suscripci\u00f3n en cualquier momento desde tu cuenta. Una vez cancelada, el acceso se mantendr\u00e1 activo hasta que finalice el periodo ya pagado.<\/p>\n\n\n\n<hr class=\"wp-block-separator has-alpha-channel-opacity\"\/>\n\n\n\n<h5 class=\"wp-block-heading\"><strong>\u00bfPuedo solicitar un reembolso?<\/strong><\/h5>\n\n\n\n<p>No realizamos reembolsos una vez que la suscripci\u00f3n ha sido activada, ya que el acceso al contenido es inmediato. Te recomendamos cancelar antes de la pr\u00f3xima renovaci\u00f3n si no deseas continuar.<\/p>\n\n\n\n<hr class=\"wp-block-separator has-alpha-channel-opacity\"\/>\n\n\n\n<h5 class=\"wp-block-heading\"><strong>\u00bfQu\u00e9 m\u00e9todos de pago aceptan?<\/strong><\/h5>\n\n\n\n<p>Aceptamos pagos con tarjeta de cr\u00e9dito o d\u00e9bito, as\u00ed como a trav\u00e9s de PayPal. Todos los pagos se procesan de forma segura en nuestro sitio web.<\/p>\n\n\n\n<hr class=\"wp-block-separator has-alpha-channel-opacity\"\/>\n\n\n\n<h5 class=\"wp-block-heading\"><strong>\u00bfPuedo pagar en pesos mexicanos o d\u00f3lares?<\/strong><\/h5>\n\n\n\n<p>S\u00ed, nuestro sistema convierte autom\u00e1ticamente el precio a tu moneda local al momento de pagar. El monto final se reflejar\u00e1 en tu tarjeta, ya con la peque\u00f1a comisi\u00f3n por conversi\u00f3n incluida.<\/p>\n\n\n\n<p>Si en tu navegador el precio aparece en d\u00f3lares canadienses, no te preocupes: tu banco realizar\u00e1 la conversi\u00f3n y el cargo se ver\u00e1 en pesos mexicanos.<\/p>\n\n\n\n<hr class=\"wp-block-separator has-alpha-channel-opacity\"\/>\n\n\n\n<h5 class=\"wp-block-heading\"><strong>\u00bfPuedo realizar mi pago por transferencia bancaria o en OXXO?<\/strong><\/h5>\n\n\n\n<p>No, \u00fanicamente aceptamos pagos realizados a trav\u00e9s de nuestra plataforma con tarjeta de cr\u00e9dito o d\u00e9bito. No se aceptan transferencias bancarias ni pagos en tiendas f\u00edsicas como OXXO.<\/p>\n\n\n\n<p><\/p>","protected":false},"excerpt":{"rendered":"<p>\u00bfNecesito equipo para realizar el entrenamiento en casa? Para entrenar en casa puedes usar pesas, barra, polainas y ligas de&hellip;<\/p>","protected":false},"author":1,"featured_media":0,"parent":0,"menu_order":0,"comment_status":"closed","ping_status":"closed","template":"","meta":{"footnotes":""},"class_list":["post-28","page","type-page","status-publish","hentry"],"_hostinger_reach_plugin_has_subscription_block":false,"_hostinger_reach_plugin_is_elementor":false,"_links":{"self":[{"href":"https:\/\/fit24level.com\/en\/wp-json\/wp\/v2\/pages\/28","targetHints":{"allow":["GET"]}}],"collection":[{"href":"https:\/\/fit24level.com\/en\/wp-json\/wp\/v2\/pages"}],"about":[{"href":"https:\/\/fit24level.com\/en\/wp-json\/wp\/v2\/types\/page"}],"author":[{"embeddable":true,"href":"https:\/\/fit24level.com\/en\/wp-json\/wp\/v2\/users\/1"}],"replies":[{"embeddable":true,"href":"https:\/\/fit24level.com\/en\/wp-json\/wp\/v2\/comments?post=28"}],"version-history":[{"count":8,"href":"https:\/\/fit24level.com\/en\/wp-json\/wp\/v2\/pages\/28\/revisions"}],"predecessor-version":[{"id":1442,"href":"https:\/\/fit24level.com\/en\/wp-json\/wp\/v2\/pages\/28\/revisions\/1442"}],"wp:attachment":[{"href":"https:\/\/fit24level.com\/en\/wp-json\/wp\/v2\/media?parent=28"}],"curies":[{"name":"wp","href":"https:\/\/api.w.org\/{rel}","templated":true}]}}