{"id":303,"date":"2025-10-14T17:28:36","date_gmt":"2025-10-15T00:28:36","guid":{"rendered":"https:\/\/fit24level.com\/?page_id=303"},"modified":"2025-10-19T15:01:19","modified_gmt":"2025-10-19T22:01:19","slug":"plan-para-bajar-de-peso-fit24level","status":"publish","type":"page","link":"https:\/\/fit24level.com\/en\/plan-para-bajar-de-peso-fit24level\/","title":{"rendered":"Plan para bajar de peso"},"content":{"rendered":"<h3 class=\"wp-block-heading\">\ud83e\udd57 <strong>Plan de Alimentaci\u00f3n FIT24LEVEL \u2013 1200 kcal<\/strong><\/h3>\n\n\n\n<p><strong>Reto de 21 d\u00edas para bajar de peso<\/strong><\/p>\n\n\n\n<div style=\"height:32px\" aria-hidden=\"true\" class=\"wp-block-spacer\"><\/div>\n\n\n\n<p>Este plan est\u00e1 dise\u00f1ado para ayudarte a <strong>alcanzar tus metas de manera real y saludable<\/strong>.<br>Durante 21 d\u00edas disfrutar\u00e1s de <strong>comidas balanceadas, porciones controladas y alimentos accesibles<\/strong> que puedes encontrar f\u00e1cilmente.<\/p>\n\n\n\n<div style=\"height:25px\" aria-hidden=\"true\" class=\"wp-block-spacer\"><\/div>\n\n\n\n<p>\u2728 <strong>Incluido con cualquier membres\u00eda FIT24LEVEL:<\/strong><br>Accede a este plan junto con tus <strong>rutinas y entrenamientos personalizados<\/strong> para potenciar tus resultados.<\/p>\n\n\n\n<p>\ud83d\udcab <strong>Recuerda:<\/strong> el cambio no ocurre en un d\u00eda, pero con constancia y compromiso ver\u00e1s grandes resultados.<br><strong>\u00a1Tu transformaci\u00f3n comienza hoy! <\/strong><\/p>\n\n\n\n<div style=\"height:45px\" aria-hidden=\"true\" class=\"wp-block-spacer\"><\/div>\n\n\nAcceso solo para usuarios registrados.\n\n\n\n\n<p>&nbsp;<\/p>","protected":false},"excerpt":{"rendered":"<p>\ud83e\udd57 Plan de Alimentaci\u00f3n FIT24LEVEL \u2013 1200 kcal Reto de 21 d\u00edas para bajar de peso Este plan est\u00e1 dise\u00f1ado&hellip;<\/p>","protected":false},"author":1,"featured_media":0,"parent":0,"menu_order":0,"comment_status":"closed","ping_status":"closed","template":"","meta":{"footnotes":""},"class_list":["post-303","page","type-page","status-publish","hentry"],"_hostinger_reach_plugin_has_subscription_block":false,"_hostinger_reach_plugin_is_elementor":false,"_links":{"self":[{"href":"https:\/\/fit24level.com\/en\/wp-json\/wp\/v2\/pages\/303","targetHints":{"allow":["GET"]}}],"collection":[{"href":"https:\/\/fit24level.com\/en\/wp-json\/wp\/v2\/pages"}],"about":[{"href":"https:\/\/fit24level.com\/en\/wp-json\/wp\/v2\/types\/page"}],"author":[{"embeddable":true,"href":"https:\/\/fit24level.com\/en\/wp-json\/wp\/v2\/users\/1"}],"replies":[{"embeddable":true,"href":"https:\/\/fit24level.com\/en\/wp-json\/wp\/v2\/comments?post=303"}],"version-history":[{"count":13,"href":"https:\/\/fit24level.com\/en\/wp-json\/wp\/v2\/pages\/303\/revisions"}],"predecessor-version":[{"id":1460,"href":"https:\/\/fit24level.com\/en\/wp-json\/wp\/v2\/pages\/303\/revisions\/1460"}],"wp:attachment":[{"href":"https:\/\/fit24level.com\/en\/wp-json\/wp\/v2\/media?parent=303"}],"curies":[{"name":"wp","href":"https:\/\/api.w.org\/{rel}","templated":true}]}}