{"id":31,"date":"2025-10-11T10:29:27","date_gmt":"2025-10-11T17:29:27","guid":{"rendered":"https:\/\/fit24level.com\/?page_id=31"},"modified":"2025-10-18T11:07:43","modified_gmt":"2025-10-18T18:07:43","slug":"meet-your-coach","status":"publish","type":"page","link":"https:\/\/fit24level.com\/en\/meet-your-coach\/","title":{"rendered":"Meet Your Coach"},"content":{"rendered":"<div data-elementor-type=\"wp-page\" data-elementor-id=\"31\" class=\"elementor elementor-31\">\n\t\t\t\t<div class=\"elementor-element elementor-element-118ecd7d e-flex e-con-boxed e-con e-parent\" data-id=\"118ecd7d\" data-element_type=\"container\">\n\t\t\t\t\t<div class=\"e-con-inner\">\n\t\t\t\t<div class=\"elementor-element elementor-element-1be94c elementor-widget elementor-widget-text-editor\" data-id=\"1be94c\" data-element_type=\"widget\" data-widget_type=\"text-editor.default\">\n\t\t\t\t\t\t\t\t\t\n<p>\u00a1Hola! <strong>Soy tu coach<\/strong> y cuento con m\u00e1s de <strong>20 a\u00f1os de experiencia<\/strong> en el entrenamiento f\u00edsico. Comenc\u00e9 a entrenar desde los 8 a\u00f1os y a los 9 inici\u00e9 mi carrera deportiva en Lucha Greco Romana, donde compet\u00ed durante 10 a\u00f1os a nivel nacional e internacional, participando en campeonatos nacionales, olimpiadas y panamericanos juveniles.<\/p>\n\n<p>Entre mis logros destacan:<\/p>\n\n<ul class=\"wp-block-list\">\n<li><strong>2 medallas de bronce<\/strong><\/li>\n\n<li><strong>2 medallas de plata<\/strong><\/li>\n\n<li><strong>1 medalla de oro en cinco panamericanos juveniles diferentes.<\/strong><\/li>\n<\/ul>\n\n<p>Despu\u00e9s de mi etapa competitiva, fund\u00e9 mi propio gimnasio, donde impart\u00ed clases de ejercicio funcional durante tres o cuatro a\u00f1os. M\u00e1s adelante, me mud\u00e9 a Canad\u00e1, donde actualmente ofrezco entrenamientos personalizados y clases online.<\/p>\n\n<p><strong>A lo largo de estos 20 a\u00f1os<\/strong>, me he capacitado como entrenador deportivo de alto rendimiento y en entrenamiento funcional, adem\u00e1s de tomar cursos de nutrici\u00f3n y alimentaci\u00f3n, para poder ofrecer resultados efectivos y completos a mis alumnos.<\/p>\n\n<p><strong>Mi objetivo<\/strong> es que te sientas en confianza entrenando conmigo y que logres resultados tanto f\u00edsicos como de salud. Para m\u00ed es muy importante ayudarte a mejorar tu bienestar y promover una vida m\u00e1s larga y saludable.<\/p>\n\t\t\t\t\t\t\t\t<\/div>\n\t\t\t\t\t<\/div>\n\t\t\t\t<\/div>\n\t\t<div class=\"elementor-element elementor-element-ab400fa e-flex e-con-boxed e-con e-parent\" data-id=\"ab400fa\" data-element_type=\"container\">\n\t\t\t\t\t<div class=\"e-con-inner\">\n\t\t\t\t<div class=\"elementor-element elementor-element-f70e6e9 elementor-arrows-position-inside elementor-pagination-position-outside elementor-widget elementor-widget-image-carousel\" data-id=\"f70e6e9\" data-element_type=\"widget\" data-settings=\"{&quot;slides_to_show&quot;:&quot;1&quot;,&quot;navigation&quot;:&quot;both&quot;,&quot;autoplay&quot;:&quot;yes&quot;,&quot;pause_on_hover&quot;:&quot;yes&quot;,&quot;pause_on_interaction&quot;:&quot;yes&quot;,&quot;autoplay_speed&quot;:5000,&quot;infinite&quot;:&quot;yes&quot;,&quot;effect&quot;:&quot;slide&quot;,&quot;speed&quot;:500}\" data-widget_type=\"image-carousel.default\">\n\t\t\t\t\t\t\t<div class=\"elementor-image-carousel-wrapper swiper\" role=\"region\" aria-roledescription=\"carousel\" aria-label=\"Image Carousel\" dir=\"ltr\">\n\t\t\t<div class=\"elementor-image-carousel swiper-wrapper\" aria-live=\"off\">\n\t\t\t\t\t\t\t\t<div class=\"swiper-slide\" role=\"group\" aria-roledescription=\"slide\" aria-label=\"1 de 2\"><figure class=\"swiper-slide-inner\"><img decoding=\"async\" class=\"swiper-slide-image\" src=\"https:\/\/fit24level.com\/wp-content\/uploads\/Your-Coach-1-300x400.jpeg\" alt=\"Your Coach\" \/><\/figure><\/div><div class=\"swiper-slide\" role=\"group\" aria-roledescription=\"slide\" aria-label=\"2 de 2\"><figure class=\"swiper-slide-inner\"><img decoding=\"async\" class=\"swiper-slide-image\" src=\"https:\/\/fit24level.com\/wp-content\/uploads\/Manuel-Aramburo-1-321x400.jpeg\" alt=\"Manuel Aramburo\" \/><\/figure><\/div>\t\t\t<\/div>\n\t\t\t\t\t\t\t\t\t\t\t\t<div class=\"elementor-swiper-button elementor-swiper-button-prev\" role=\"button\" tabindex=\"0\">\n\t\t\t\t\t\t<svg aria-hidden=\"true\" class=\"e-font-icon-svg e-eicon-chevron-left\" viewbox=\"0 0 1000 1000\" xmlns=\"http:\/\/www.w3.org\/2000\/svg\"><path d=\"M646 125C629 125 613 133 604 142L308 442C296 454 292 471 292 487 292 504 296 521 308 533L604 854C617 867 629 875 646 875 663 875 679 871 692 858 704 846 713 829 713 812 713 796 708 779 692 767L438 487 692 225C700 217 708 204 708 187 708 171 704 154 692 142 675 129 663 125 646 125Z\"><\/path><\/svg>\t\t\t\t\t<\/div>\n\t\t\t\t\t<div class=\"elementor-swiper-button elementor-swiper-button-next\" role=\"button\" tabindex=\"0\">\n\t\t\t\t\t\t<svg aria-hidden=\"true\" class=\"e-font-icon-svg e-eicon-chevron-right\" viewbox=\"0 0 1000 1000\" xmlns=\"http:\/\/www.w3.org\/2000\/svg\"><path d=\"M696 533C708 521 713 504 713 487 713 471 708 454 696 446L400 146C388 133 375 125 354 125 338 125 325 129 313 142 300 154 292 171 292 187 292 204 296 221 308 233L563 492 304 771C292 783 288 800 288 817 288 833 296 850 308 863 321 871 338 875 354 875 371 875 388 867 400 854L696 533Z\"><\/path><\/svg>\t\t\t\t\t<\/div>\n\t\t\t\t\n\t\t\t\t\t\t\t\t\t<div class=\"swiper-pagination\"><\/div>\n\t\t\t\t\t\t\t\t\t<\/div>\n\t\t\t\t\t\t<\/div>\n\t\t\t\t\t<\/div>\n\t\t\t\t<\/div>\n\t\t\t\t<\/div>","protected":false},"excerpt":{"rendered":"<p>\u00a1Hola! Soy tu coach y cuento con m\u00e1s de 20 a\u00f1os de experiencia en el entrenamiento f\u00edsico. Comenc\u00e9 a entrenar&hellip;<\/p>","protected":false},"author":1,"featured_media":0,"parent":0,"menu_order":0,"comment_status":"closed","ping_status":"closed","template":"","meta":{"footnotes":""},"class_list":["post-31","page","type-page","status-publish","hentry"],"_hostinger_reach_plugin_has_subscription_block":false,"_hostinger_reach_plugin_is_elementor":false,"_links":{"self":[{"href":"https:\/\/fit24level.com\/en\/wp-json\/wp\/v2\/pages\/31","targetHints":{"allow":["GET"]}}],"collection":[{"href":"https:\/\/fit24level.com\/en\/wp-json\/wp\/v2\/pages"}],"about":[{"href":"https:\/\/fit24level.com\/en\/wp-json\/wp\/v2\/types\/page"}],"author":[{"embeddable":true,"href":"https:\/\/fit24level.com\/en\/wp-json\/wp\/v2\/users\/1"}],"replies":[{"embeddable":true,"href":"https:\/\/fit24level.com\/en\/wp-json\/wp\/v2\/comments?post=31"}],"version-history":[{"count":13,"href":"https:\/\/fit24level.com\/en\/wp-json\/wp\/v2\/pages\/31\/revisions"}],"predecessor-version":[{"id":1266,"href":"https:\/\/fit24level.com\/en\/wp-json\/wp\/v2\/pages\/31\/revisions\/1266"}],"wp:attachment":[{"href":"https:\/\/fit24level.com\/en\/wp-json\/wp\/v2\/media?parent=31"}],"curies":[{"name":"wp","href":"https:\/\/api.w.org\/{rel}","templated":true}]}}